{"id":608,"date":"2025-03-07T19:20:09","date_gmt":"2025-03-07T19:20:09","guid":{"rendered":"https:\/\/neu.xeoneurope.com\/?page_id=608"},"modified":"2025-03-07T19:32:22","modified_gmt":"2025-03-07T19:32:22","slug":"ueber-uns","status":"publish","type":"page","link":"https:\/\/xeoneurope.com\/index.php\/ueber-uns\/","title":{"rendered":"ueber uns"},"content":{"rendered":"\t\t<div data-elementor-type=\"wp-page\" data-elementor-id=\"608\" class=\"elementor elementor-608\" data-elementor-post-type=\"page\">\n\t\t\t\t\t\t<section class=\"elementor-section elementor-top-section elementor-element elementor-element-df1da84 elementor-section-boxed elementor-section-height-default elementor-section-height-default\" data-id=\"df1da84\" data-element_type=\"section\">\n\t\t\t\t\t\t<div class=\"elementor-container elementor-column-gap-default\">\n\t\t\t\t\t<div class=\"elementor-column elementor-col-100 elementor-top-column elementor-element elementor-element-a8da24c\" data-id=\"a8da24c\" data-element_type=\"column\">\n\t\t\t<div class=\"elementor-widget-wrap elementor-element-populated\">\n\t\t\t\t\t\t<div class=\"elementor-element elementor-element-d7927ec elementor-widget elementor-widget-spacer\" data-id=\"d7927ec\" data-element_type=\"widget\" data-widget_type=\"spacer.default\">\n\t\t\t\t<div class=\"elementor-widget-container\">\n\t\t\t\t\t\t\t<div class=\"elementor-spacer\">\n\t\t\t<div class=\"elementor-spacer-inner\"><\/div>\n\t\t<\/div>\n\t\t\t\t\t\t<\/div>\n\t\t\t\t<\/div>\n\t\t\t\t\t<\/div>\n\t\t<\/div>\n\t\t\t\t\t<\/div>\n\t\t<\/section>\n\t\t<div class=\"elementor-element elementor-element-c108ee7 e-flex e-con-boxed e-con e-parent\" data-id=\"c108ee7\" data-element_type=\"container\">\n\t\t\t\t\t<div class=\"e-con-inner\">\n\t\t<div class=\"elementor-element elementor-element-76fdf7f e-con-full e-flex e-con e-child\" data-id=\"76fdf7f\" data-element_type=\"container\">\n\t\t\t\t<\/div>\n\t\t<div class=\"elementor-element elementor-element-6fc9ef3 e-con-full e-flex e-con e-child\" data-id=\"6fc9ef3\" data-element_type=\"container\">\n\t\t\t\t<div class=\"elementor-element elementor-element-2dd8f9c elementor-widget elementor-widget-text-editor\" data-id=\"2dd8f9c\" data-element_type=\"widget\" data-widget_type=\"text-editor.default\">\n\t\t\t\t<div class=\"elementor-widget-container\">\n\t\t\t\t\t\t\t\t\t<div class=\"elementor-element elementor-element-c13aea1 e-flex e-con-boxed e-con e-parent e-lazyloaded\" data-id=\"c13aea1\" data-element_type=\"container\"><div class=\"e-con-inner\"><div class=\"elementor-element elementor-element-e3e5107 elementor-widget elementor-widget-text-editor\" data-id=\"e3e5107\" data-element_type=\"widget\" data-widget_type=\"text-editor.default\"><div class=\"elementor-widget-container\"><h1>\u00dcber XeonEurope<\/h1><p><strong>XeonEurope \u2013 The Next Generation of Business Provider<\/strong><\/p><p>Seit unserer Gr\u00fcndung steht XeonEurope f\u00fcr innovative und zuverl\u00e4ssige IT-L\u00f6sungen in Europa und \u00c4gypten. Wir bieten erstklassiges <strong>Webhosting<\/strong>, ma\u00dfgeschneiderte <strong>IT-Dienstleistungen<\/strong> und professionelle <strong>Unternehmenssoftware<\/strong>. Unsere L\u00f6sungen sind speziell f\u00fcr Firmen entwickelt, die Wert auf h\u00f6chste Qualit\u00e4t, Flexibilit\u00e4t und exzellenten Support legen.<\/p><h3>Unsere Leistungen:<\/h3><p>\u2705 <strong>Zeuss ERP-System<\/strong> \u2013 Leistungsstarke Unternehmenssoftware f\u00fcr effizientes Management<br \/>\u2705 <strong>Ticket-System &amp; CRM<\/strong> \u2013 Optimierte Kundenkommunikation und Support-Prozesse<br \/>\u2705 <strong>Call-Center-Software<\/strong> \u2013 Professionelle L\u00f6sungen f\u00fcr Call-Center und Kundenservice<br \/>\u2705 <strong>Immobilien-Expos\u00e9-Software<\/strong> \u2013 Perfekte Pr\u00e4sentation f\u00fcr Immobilienunternehmen<br \/>\u2705 <strong>Webhosting &amp; Webdesign<\/strong> \u2013 Schnelle, sichere und ma\u00dfgeschneiderte Hosting-L\u00f6sungen<br \/>\u2705 <strong>Marketing &amp; IT-Beratung<\/strong> \u2013 Erfolgreiche Strategien f\u00fcr digitales Wachstum<\/p><h3>Warum XeonEurope?<\/h3><p>\ud83d\udd39 <strong>Keine Laufzeiten, kein Risiko<\/strong> \u2013 Maximale Flexibilit\u00e4t f\u00fcr unsere Kunden<br \/>\ud83d\udd39 <strong>Pers\u00f6nlicher Support<\/strong> \u2013 Wir setzen auf direkte Kommunikation und individuelle Betreuung<br \/>\ud83d\udd39 <strong>Leistungsstarke Technologien<\/strong> \u2013 Modernste Server-Infrastruktur f\u00fcr h\u00f6chste Performance<br \/>\ud83d\udd39 <strong>Erfahrung seit 1999<\/strong> \u2013 \u00dcber zwei Jahrzehnte Kompetenz in IT &amp; Business Solutions<\/p><p><strong>Unsere Mission:<\/strong><br \/>Wir revolutionieren den IT-Markt mit innovativen, flexiblen und kundenorientierten L\u00f6sungen. Unsere Produkte und Services sind darauf ausgerichtet, Unternehmen effizienter und erfolgreicher zu machen \u2013 ohne versteckte Kosten oder langfristige Verpflichtungen.<\/p><p>\ud83d\ude80 <strong>XeonEurope \u2013 Ihr Partner f\u00fcr digitale Zukunft!<\/strong><\/p><\/div><\/div><\/div><\/div>\t\t\t\t\t\t\t\t<\/div>\n\t\t\t\t<\/div>\n\t\t\t\t<\/div>\n\t\t<div class=\"elementor-element elementor-element-f69a5e4 e-con-full e-flex e-con e-child\" data-id=\"f69a5e4\" data-element_type=\"container\">\n\t\t\t\t<\/div>\n\t\t\t\t\t<\/div>\n\t\t\t\t<\/div>\n\t\t\t\t<section class=\"elementor-section elementor-top-section elementor-element elementor-element-d8bc4e5 elementor-section-full_width elementor-section-height-default elementor-section-height-default\" data-id=\"d8bc4e5\" data-element_type=\"section\">\n\t\t\t\t\t\t<div class=\"elementor-container elementor-column-gap-no\">\n\t\t\t\t\t<div class=\"elementor-column elementor-col-100 elementor-top-column elementor-element elementor-element-dafa28b\" data-id=\"dafa28b\" data-element_type=\"column\">\n\t\t\t<div class=\"elementor-widget-wrap elementor-element-populated\">\n\t\t\t\t\t\t<div class=\"elementor-element elementor-element-1446422 elementor-widget elementor-widget-sabah-team\" data-id=\"1446422\" data-element_type=\"widget\" data-widget_type=\"sabah-team.default\">\n\t\t\t\t<div class=\"elementor-widget-container\">\n\t\t\t\t\t\r\n\t\t<!-- START TEAM -->\r\n\t\t<section id=\"team\" class=\"team-area section-padding\">\r\n\t\t\t<div class=\"container\">\t\t\t\t\t\t\t\t\t\r\n\t\t\t\t<div class=\"section-title text-center wow zoomIn\">\r\n\t\t\t\t\t<div class=\"title_circle_icon\"><\/div>\r\n\t\t\t\t\t<span>Das sind wir<\/span>\t\r\n\t\t\t\t\t<h2>XeonEurope The Next Generation of Business Provder<\/h2>\r\n\t\t\t\t<\/div>\t\t\t\t\r\n\t\t\t\t<div class=\"row\">\t\t\t\t\t\t\t\t\r\n\t\r\n\t\t\t\t\t\t\t\r\n\t\t\t\t\t\t\t<div class=\"col-xl-3 col-lg-6 col-md-6 col-12 wow fadeInUp\" data-wow-duration=\"1s\" data-wow-delay=\"0.4s\" data-wow-offset=\"0\">\r\n\t\t\t\t\t\t\t\t<div class=\"our-team\">\r\n\t\t\t\t\t\t\t\t\t<div class=\"single-team\">\r\n\r\n\t\t\t\t\t\t\t\t\t\t<div class=\"team_img\" style=\"background-image: url(https:\/\/xeoneurope.com\/wp-content\/uploads\/2025\/03\/WhatsApp-Image-2025-02-01-at-11.55.38-768x730-1-500x500.jpeg);\"><\/div>\t\t\t\t\t\t\t\t\r\n\t\t\t\t\t\t\t\t\t\t<h3>M.Sieger<\/h3>\r\n\t\t\t\t\t\t\t\t\t\t<span>CEO Technik XeonEurope Germany &amp; Romania<\/span>\r\n\t\t\t\t\t\t\t\t\t\t<ul class=\"social\">\r\n\t\t\t\t\t\t\t\t\t\t\t\t\t\t\t\t\t\t\t\t\t\t\t\r\n\t\t\t\t\t\t\t\t\t\t\t\t\t<li> <a href=\"https:\/\/www.facebook.com\/xeoneurope\/?locale=et_EE\" class=\"fa-brands fa-facebook facebook\"><\/a><\/li>\r\n\t\t\t\t\t\t\t\t\t\t\t\r\n\t\t\t\t\t\t\t\t\t\t\t\t\t\t\t\t\t\t\t\t\t<\/ul>\r\n\t\t\t\t\t\t\t\t\t<\/div>\t\t\t\t\t\t\r\n\t\t\t\t\t\t\t\t<\/div><!--- END OUR TEAM -->\t\t\t\t\t\t\r\n\t\t\t\t\t\t\t<\/div><!--- END COL -->\t\t\t\t\t\t\t\t\t\t\t\r\n\t\t\t\t\t\t\r\n\t\t\t\t\t\t\t\r\n\t\t\t\t\t\t\t\r\n\t\t\t\t\t\t\t<div class=\"col-xl-3 col-lg-6 col-md-6 col-12 wow fadeInUp\" data-wow-duration=\"1s\" data-wow-delay=\"0.4s\" data-wow-offset=\"0\">\r\n\t\t\t\t\t\t\t\t<div class=\"our-team\">\r\n\t\t\t\t\t\t\t\t\t<div class=\"single-team\">\r\n\r\n\t\t\t\t\t\t\t\t\t\t<div class=\"team_img\" style=\"background-image: url(https:\/\/xeoneurope.com\/wp-content\/uploads\/2023\/01\/ali.png);\"><\/div>\t\t\t\t\t\t\t\t\r\n\t\t\t\t\t\t\t\t\t\t<h3>I.Alipour<\/h3>\r\n\t\t\t\t\t\t\t\t\t\t<span>Partner European Economic Senat Iraj Alipour<\/span>\r\n\t\t\t\t\t\t\t\t\t\t<ul class=\"social\">\r\n\t\t\t\t\t\t\t\t\t\t\t\t\t\t\t\t\t\t\t\t\t\t\t\r\n\t\t\t\t\t\t\t\t\t\t\t\t\t<li> <a href=\"https:\/\/www.facebook.com\/xeoneurope\/?locale=et_EE\" class=\"fa-brands fa-facebook facebook\"><\/a><\/li>\r\n\t\t\t\t\t\t\t\t\t\t\t\r\n\t\t\t\t\t\t\t\t\t\t\t\t\t\t\t\t\t\t\t\t\t<\/ul>\r\n\t\t\t\t\t\t\t\t\t<\/div>\t\t\t\t\t\t\r\n\t\t\t\t\t\t\t\t<\/div><!--- END OUR TEAM -->\t\t\t\t\t\t\r\n\t\t\t\t\t\t\t<\/div><!--- END COL -->\t\t\t\t\t\t\t\t\t\t\t\r\n\t\t\t\t\t\t\r\n\t\t\t\t\t\t\t\r\n\t\t\t\t\t\t\t\r\n\t\t\t\t\t\t\t<div class=\"col-xl-3 col-lg-6 col-md-6 col-12 wow fadeInUp\" data-wow-duration=\"1s\" data-wow-delay=\"0.4s\" data-wow-offset=\"0\">\r\n\t\t\t\t\t\t\t\t<div class=\"our-team\">\r\n\t\t\t\t\t\t\t\t\t<div class=\"single-team\">\r\n\r\n\t\t\t\t\t\t\t\t\t\t<div class=\"team_img\" style=\"background-image: url(https:\/\/xeoneurope.com\/wp-content\/uploads\/2023\/01\/Oliver-446x500.png);\"><\/div>\t\t\t\t\t\t\t\t\r\n\t\t\t\t\t\t\t\t\t\t<h3>Oliver K.<\/h3>\r\n\t\t\t\t\t\t\t\t\t\t<span>Administrator XeonEurope Germany &amp; Rumania<\/span>\r\n\t\t\t\t\t\t\t\t\t\t<ul class=\"social\">\r\n\t\t\t\t\t\t\t\t\t\t\t\t\t\t\t\t\t\t\t\t\t\t\t\r\n\t\t\t\t\t\t\t\t\t\t\t\t\t<li> <a href=\"\" class=\"fa-brands fa-facebook facebook\"><\/a><\/li>\r\n\t\t\t\t\t\t\t\t\t\t\t\r\n\t\t\t\t\t\t\t\t\t\t\t\t\t\t\t\t\t\t\t\t\t<\/ul>\r\n\t\t\t\t\t\t\t\t\t<\/div>\t\t\t\t\t\t\r\n\t\t\t\t\t\t\t\t<\/div><!--- END OUR TEAM -->\t\t\t\t\t\t\r\n\t\t\t\t\t\t\t<\/div><!--- END COL -->\t\t\t\t\t\t\t\t\t\t\t\r\n\t\t\t\t\t\t\r\n\t\t\t\t\t\t\t\r\n\t\t\t\t\t\t\t\r\n\t\t\t\t\t\t\t<div class=\"col-xl-3 col-lg-6 col-md-6 col-12 wow fadeInUp\" data-wow-duration=\"1s\" data-wow-delay=\"0.4s\" data-wow-offset=\"0\">\r\n\t\t\t\t\t\t\t\t<div class=\"our-team\">\r\n\t\t\t\t\t\t\t\t\t<div class=\"single-team\">\r\n\r\n\t\t\t\t\t\t\t\t\t\t<div class=\"team_img\" style=\"background-image: url(https:\/\/xeoneurope.com\/wp-content\/uploads\/2023\/01\/1-1.jpg);\"><\/div>\t\t\t\t\t\t\t\t\r\n\t\t\t\t\t\t\t\t\t\t<h3>Alexander.K<\/h3>\r\n\t\t\t\t\t\t\t\t\t\t<span>Administrator XeonEurope Rumania<\/span>\r\n\t\t\t\t\t\t\t\t\t\t<ul class=\"social\">\r\n\t\t\t\t\t\t\t\t\t\t\t\t\t\t\t\t\t\t\t\t\t\t\t\r\n\t\t\t\t\t\t\t\t\t\t\t\t\t<li> <a href=\"https:\/\/www.facebook.com\/xeoneurope\/?locale=et_EE\" class=\"fa-brands fa-facebook facebook\"><\/a><\/li>\r\n\t\t\t\t\t\t\t\t\t\t\t\r\n\t\t\t\t\t\t\t\t\t\t\t\t\t\t\t\t\t\t\t\t\t<\/ul>\r\n\t\t\t\t\t\t\t\t\t<\/div>\t\t\t\t\t\t\r\n\t\t\t\t\t\t\t\t<\/div><!--- END OUR TEAM -->\t\t\t\t\t\t\r\n\t\t\t\t\t\t\t<\/div><!--- END COL -->\t\t\t\t\t\t\t\t\t\t\t\r\n\t\t\t\t\t\t\r\n\t\t\t\t\t\t\t\t\t\t\t\t\t\t\t\t\t\t\t\t\t\t\t\t\t\r\n\t\t\t\t<\/div><!--- END ROW -->\r\n\t\t\t<\/div><!--- END CONTAINER -->\r\n\t\t<\/section>\r\n\t\t<!-- END TEAM -->\r\n\t\t\r\n\r\n\t\t\t\t\t\t<\/div>\n\t\t\t\t<\/div>\n\t\t\t\t\t<\/div>\n\t\t<\/div>\n\t\t\t\t\t<\/div>\n\t\t<\/section>\n\t\t<div class=\"elementor-element elementor-element-4ddf797 e-flex e-con-boxed e-con e-parent\" data-id=\"4ddf797\" data-element_type=\"container\">\n\t\t\t\t\t<div class=\"e-con-inner\">\n\t\t<div class=\"elementor-element elementor-element-a0f49b4 e-con-full e-flex e-con e-child\" data-id=\"a0f49b4\" data-element_type=\"container\">\n\t\t\t\t<div class=\"elementor-element elementor-element-820483a elementor-invisible elementor-widget elementor-widget-video\" data-id=\"820483a\" data-element_type=\"widget\" data-settings=\"{&quot;video_type&quot;:&quot;hosted&quot;,&quot;_animation&quot;:&quot;fadeInLeft&quot;,&quot;controls&quot;:&quot;yes&quot;}\" data-widget_type=\"video.default\">\n\t\t\t\t<div class=\"elementor-widget-container\">\n\t\t\t\t\t\t\t<div class=\"e-hosted-video elementor-wrapper elementor-open-inline\">\n\t\t\t\t\t<video class=\"elementor-video\" src=\"https:\/\/xeoneurope.com\/wp-content\/uploads\/2025\/03\/WhatsApp-Video-2025-02-01-at-11.27.32.mp4\" controls=\"\" preload=\"metadata\" controlsList=\"nodownload\"><\/video>\n\t\t\t\t<\/div>\n\t\t\t\t\t\t<\/div>\n\t\t\t\t<\/div>\n\t\t\t\t<\/div>\n\t\t<div class=\"elementor-element elementor-element-1490871 e-con-full e-flex e-con e-child\" data-id=\"1490871\" data-element_type=\"container\">\n\t\t\t\t<div class=\"elementor-element elementor-element-4d02e7b animated-slow elementor-invisible elementor-widget elementor-widget-video\" data-id=\"4d02e7b\" data-element_type=\"widget\" data-settings=\"{&quot;video_type&quot;:&quot;hosted&quot;,&quot;_animation&quot;:&quot;slideInLeft&quot;,&quot;controls&quot;:&quot;yes&quot;}\" data-widget_type=\"video.default\">\n\t\t\t\t<div class=\"elementor-widget-container\">\n\t\t\t\t\t\t\t<div class=\"e-hosted-video elementor-wrapper elementor-open-inline\">\n\t\t\t\t\t<video class=\"elementor-video\" src=\"https:\/\/xeoneurope.com\/wp-content\/uploads\/2025\/03\/FB_VID_6463141657687587558.mp4\" controls=\"\" preload=\"metadata\" controlsList=\"nodownload\"><\/video>\n\t\t\t\t<\/div>\n\t\t\t\t\t\t<\/div>\n\t\t\t\t<\/div>\n\t\t\t\t<\/div>\n\t\t<div class=\"elementor-element elementor-element-18f01c9 e-con-full e-flex e-con e-child\" data-id=\"18f01c9\" data-element_type=\"container\">\n\t\t\t\t<div class=\"elementor-element elementor-element-171c671 animated-slow elementor-invisible elementor-widget elementor-widget-video\" data-id=\"171c671\" data-element_type=\"widget\" data-settings=\"{&quot;video_type&quot;:&quot;hosted&quot;,&quot;_animation&quot;:&quot;fadeInRight&quot;,&quot;controls&quot;:&quot;yes&quot;}\" data-widget_type=\"video.default\">\n\t\t\t\t<div class=\"elementor-widget-container\">\n\t\t\t\t\t\t\t<div class=\"e-hosted-video elementor-wrapper elementor-open-inline\">\n\t\t\t\t\t<video class=\"elementor-video\" src=\"https:\/\/xeoneurope.com\/wp-content\/uploads\/2025\/03\/2025-03-02-044126930.mp4\" controls=\"\" preload=\"metadata\" controlsList=\"nodownload\"><\/video>\n\t\t\t\t<\/div>\n\t\t\t\t\t\t<\/div>\n\t\t\t\t<\/div>\n\t\t\t\t<\/div>\n\t\t<div class=\"elementor-element elementor-element-6d65b9b e-con-full e-flex e-con e-child\" data-id=\"6d65b9b\" data-element_type=\"container\">\n\t\t\t\t<div class=\"elementor-element elementor-element-6dffa59 animated-slow elementor-invisible elementor-widget elementor-widget-video\" data-id=\"6dffa59\" data-element_type=\"widget\" data-settings=\"{&quot;video_type&quot;:&quot;hosted&quot;,&quot;_animation&quot;:&quot;fadeInRight&quot;,&quot;controls&quot;:&quot;yes&quot;}\" data-widget_type=\"video.default\">\n\t\t\t\t<div class=\"elementor-widget-container\">\n\t\t\t\t\t\t\t<div class=\"e-hosted-video elementor-wrapper elementor-open-inline\">\n\t\t\t\t\t<video class=\"elementor-video\" src=\"https:\/\/xeoneurope.com\/wp-content\/uploads\/2025\/03\/WhatsApp-Video-2025-02-01-at-11.27.30.mp4\" controls=\"\" preload=\"metadata\" controlsList=\"nodownload\"><\/video>\n\t\t\t\t<\/div>\n\t\t\t\t\t\t<\/div>\n\t\t\t\t<\/div>\n\t\t\t\t<\/div>\n\t\t\t\t\t<\/div>\n\t\t\t\t<\/div>\n\t\t\t\t<\/div>\n\t\t","protected":false},"excerpt":{"rendered":"<p>\u00dcber XeonEurope XeonEurope \u2013 The Next Generation of Business Provider Seit unserer Gr\u00fcndung steht XeonEurope f\u00fcr innovative und zuverl\u00e4ssige IT-L\u00f6sungen in Europa und \u00c4gypten. Wir bieten erstklassiges Webhosting, ma\u00dfgeschneiderte IT-Dienstleistungen und professionelle Unternehmenssoftware. Unsere L\u00f6sungen sind speziell f\u00fcr Firmen entwickelt, die Wert auf h\u00f6chste Qualit\u00e4t, Flexibilit\u00e4t und exzellenten Support legen. Unsere Leistungen: \u2705 Zeuss ERP-System [&hellip;]<\/p>\n","protected":false},"author":1,"featured_media":0,"parent":0,"menu_order":0,"comment_status":"closed","ping_status":"closed","template":"page-builder.php","meta":{"footnotes":""},"class_list":["post-608","page","type-page","status-publish","hentry"],"aioseo_notices":[],"_links":{"self":[{"href":"https:\/\/xeoneurope.com\/index.php\/wp-json\/wp\/v2\/pages\/608","targetHints":{"allow":["GET"]}}],"collection":[{"href":"https:\/\/xeoneurope.com\/index.php\/wp-json\/wp\/v2\/pages"}],"about":[{"href":"https:\/\/xeoneurope.com\/index.php\/wp-json\/wp\/v2\/types\/page"}],"author":[{"embeddable":true,"href":"https:\/\/xeoneurope.com\/index.php\/wp-json\/wp\/v2\/users\/1"}],"replies":[{"embeddable":true,"href":"https:\/\/xeoneurope.com\/index.php\/wp-json\/wp\/v2\/comments?post=608"}],"version-history":[{"count":7,"href":"https:\/\/xeoneurope.com\/index.php\/wp-json\/wp\/v2\/pages\/608\/revisions"}],"predecessor-version":[{"id":616,"href":"https:\/\/xeoneurope.com\/index.php\/wp-json\/wp\/v2\/pages\/608\/revisions\/616"}],"wp:attachment":[{"href":"https:\/\/xeoneurope.com\/index.php\/wp-json\/wp\/v2\/media?parent=608"}],"curies":[{"name":"wp","href":"https:\/\/api.w.org\/{rel}","templated":true}]}}