{"id":545,"date":"2025-03-07T18:12:12","date_gmt":"2025-03-07T18:12:12","guid":{"rendered":"https:\/\/neu.xeoneurope.com\/?page_id=545"},"modified":"2025-05-04T08:59:19","modified_gmt":"2025-05-04T08:59:19","slug":"impressum-2","status":"publish","type":"page","link":"https:\/\/xeoneurope.com\/index.php\/impressum-2\/","title":{"rendered":"Impressum"},"content":{"rendered":"\t\t<div data-elementor-type=\"wp-page\" data-elementor-id=\"545\" class=\"elementor elementor-545\" data-elementor-post-type=\"page\">\n\t\t\t\t\t\t<section class=\"elementor-section elementor-top-section elementor-element elementor-element-df1da84 elementor-section-boxed elementor-section-height-default elementor-section-height-default\" data-id=\"df1da84\" data-element_type=\"section\">\n\t\t\t\t\t\t<div class=\"elementor-container elementor-column-gap-default\">\n\t\t\t\t\t<div class=\"elementor-column elementor-col-100 elementor-top-column elementor-element elementor-element-a8da24c\" data-id=\"a8da24c\" data-element_type=\"column\">\n\t\t\t<div class=\"elementor-widget-wrap elementor-element-populated\">\n\t\t\t\t\t\t<div class=\"elementor-element elementor-element-6d6b7fd elementor-widget elementor-widget-text-editor\" data-id=\"6d6b7fd\" data-element_type=\"widget\" data-widget_type=\"text-editor.default\">\n\t\t\t\t<div class=\"elementor-widget-container\">\n\t\t\t\t\t\t\t\t\t<p style=\"text-align: center;\"><span style=\"color: #000000;\">Impressum<\/span><\/p>\t\t\t\t\t\t\t\t<\/div>\n\t\t\t\t<\/div>\n\t\t\t\t\t<\/div>\n\t\t<\/div>\n\t\t\t\t\t<\/div>\n\t\t<\/section>\n\t\t<div class=\"elementor-element elementor-element-3461106 e-flex e-con-boxed e-con e-parent\" data-id=\"3461106\" data-element_type=\"container\">\n\t\t\t\t\t<div class=\"e-con-inner\">\n\t\t<div class=\"elementor-element elementor-element-930f6a6 e-con-full e-flex e-con e-child\" data-id=\"930f6a6\" data-element_type=\"container\">\n\t\t\t\t<\/div>\n\t\t<div class=\"elementor-element elementor-element-9613614 e-con-full e-flex e-con e-child\" data-id=\"9613614\" data-element_type=\"container\">\n\t\t\t\t<div class=\"elementor-element elementor-element-6e04848 elementor-widget elementor-widget-text-editor\" data-id=\"6e04848\" data-element_type=\"widget\" data-widget_type=\"text-editor.default\">\n\t\t\t\t<div class=\"elementor-widget-container\">\n\t\t\t\t\t\t\t\t\t<div class=\"elementor-element elementor-element-ca9e875 elementor-widget elementor-widget-text-editor\" data-id=\"ca9e875\" data-element_type=\"widget\" data-widget_type=\"text-editor.default\"><div class=\"elementor-widget-container\">\u00a0<\/div><\/div><div class=\"elementor-element elementor-element-bc3b484 elementor-widget elementor-widget-text-editor\" data-id=\"bc3b484\" data-element_type=\"widget\" data-widget_type=\"text-editor.default\"><div class=\"elementor-widget-container\"><div class=\"tw-container tw-py-64 tw-pb-12 lg:tw-pb-24\"><div class=\"md:tw-max-w-4xl tw-my-24\"><div><span style=\"color: #000000;\">XeonEurope Deutschland &amp; Romania<br \/><\/span><span style=\"color: #000000;\">Deutschland <\/span><br \/><span style=\"color: #000000;\">Starenweg <\/span><br \/><span style=\"color: #000000;\">91126 Schwabach<\/span><\/div><div><div class=\"tw-ml-20 lg:tw-ml-0 tw-text-left mb-12\"><p class=\"!tw-py-[.5rem] first:!tw-pt-0 last:!tw-pb-0\"><span style=\"color: #000000;\">XeonEurope &amp; XeonEurope SRL<\/span><\/p><\/div><\/div><\/div><div class=\"md:tw-max-w-4xl tw-my-24 mt-24\"><p><span style=\"color: #000000;\">XeonEurope Niederlassung<\/span><br \/><span style=\"color: #000000;\">Romania Sibiu<\/span><br \/><span style=\"color: #000000;\">T\u00fcrkei im Aufbau<\/span><\/p><\/div><div class=\"md:tw-max-w-4xl tw-my-24 mt-24\"><div><span style=\"color: #000000;\">Gesch\u00e4ftsf\u00fchrung<br \/><\/span><span style=\"color: #000000;\">M.Sieger<br \/><\/span><\/div><div><div class=\"tw-ml-20 lg:tw-ml-0 tw-text-left mb-12\"><p><span style=\"color: #000000;\"><strong>USt-IdNr. <\/strong> <span class=\"sender-info-block sender-info-dimmable\">DE286295067<br \/>Gl\u00e4ubiger ident Nr. DE31ZZZ00002726760<\/span><\/span><\/p><\/div><\/div><\/div><div class=\"md:tw-max-w-4xl tw-my-24 mt-24\"><div><div class=\"tw-ml-20 lg:tw-ml-0 tw-text-left mb-12\"><p class=\"!tw-py-[.5rem] first:!tw-pt-0 last:!tw-pb-0\"><span style=\"color: #000000;\">Sie erreichen die XeonEurope\u00a0 : <\/span><br \/><span style=\"color: #000000;\">Tel: +49 15159092548<\/span><\/p><\/div><\/div><\/div><div class=\"md:tw-max-w-4xl tw-my-24 mt-24\"><div><span style=\"color: #000000;\">E-Mail:<br \/><\/span><span style=\"color: #000000;\"><a style=\"color: #000000;\" href=\"mailto:info@xeoneurope.com\">info@xeoneurope.com<\/a><\/span><\/div><\/div><\/div><div class=\"tw-container tw-py-64 tw-pt-12 lg:tw-pt-24\"><div class=\"md:tw-max-w-4xl tw-my-24\"><div><p><span style=\"color: #000000;\"><span style=\"color: #000000;\">Internet: xeoneurope.com xeoneurope.de<\/span><\/span><\/p><p><strong><span style=\"color: #000000;\">Haftungshinweis:<\/span><\/strong><\/p><\/div><div><div class=\"tw-ml-20 lg:tw-ml-0 tw-text-left mb-12\"><p class=\"!tw-py-[.5rem] first:!tw-pt-0 last:!tw-pb-0\"><span style=\"color: #000000;\">Trotz sorgf\u00e4ltiger inhaltlicher Kontrolle \u00fcbernehmen wir keine Haftung f\u00fcr die Inhalte externer Links. F\u00fcr den Inhalt der verlinkten Seiten sind ausschlie\u00dflich deren Betreiber verantwortlich. S\u00e4mtliche angebotenen Informationen d\u00fcrfen \u2013 auch auszugsweise \u2013 nur mit schriftlicher Genehmigung der Xeon Europe UG weiterverbreitet oder anderweitig ver\u00f6ffentlicht werden. Die Suchsysteme von Xeon Europe Limited d\u00fcrfen nur zu pers\u00f6nlichen Zwecken verwendet werden. Keinesfalls ist es gestattet, die abgerufenen Informationen online oder in anderen Medien weiterzuverbreiten oder kommerziell zu nutzen!<\/span><\/p><\/div><\/div><\/div><div class=\"md:tw-max-w-4xl tw-my-24 mt-24\"><div><span style=\"color: #000000;\">Technische Gesamtrealisation:<\/span><\/div><div><div class=\"tw-ml-20 lg:tw-ml-0 tw-text-left mb-12\"><p class=\"!tw-py-[.5rem] first:!tw-pt-0 last:!tw-pb-0\"><span style=\"color: #000000;\">XeonEurope &amp; XeonEurope SRL<\/span><\/p><p class=\"!tw-py-[.5rem] first:!tw-pt-0 last:!tw-pb-0\"><span style=\"color: #000000;\">Website &amp; eCommerce Platforms<\/span><\/p><\/div><\/div><\/div><div class=\"md:tw-max-w-4xl tw-my-24 mt-24\"><div><span style=\"color: #000000;\">Verantwortlich f\u00fcr den Inhalt gem\u00e4\u00df \u00a7 18 Abs. 2 MStV:<\/span><\/div><div><span style=\"color: #000000;\">M.Sieger<\/span><\/div><div>\u00a0<\/div><\/div><div class=\"md:tw-max-w-4xl tw-my-24 mt-24\"><div><strong><span style=\"color: #000000;\">Online-Streitbeilegung:<\/span><\/strong><\/div><div><div class=\"tw-ml-20 lg:tw-ml-0 tw-text-left mb-12\"><p class=\"!tw-py-[.5rem] first:!tw-pt-0 last:!tw-pb-0\"><span style=\"color: #000000;\">Die Europ\u00e4ische Kommission stellt eine Plattform zur Online-Streitbeilegung (OS) bereit. Die Plattform finden Sie unter <a class=\"tw-outline-none whitespace-nowrap tw-underline tw-font-sans-regular tw-underline-offset-4 tw-text-ionos-blue-700 tw-font-normal tw-text-base tw-decoration-ionos-blue-700 tw-decoration-1 hover:tw-decoration-2 active:tw-border-none active:tw-decoration-1 disabled:tw-text-cool-grey-400 disabled:tw-decoration-cool-grey-400 focus-visible:tw-border-2 focus-visible:tw-rounded-lg focus-visible:tw-underline-offset-2 focus-visible:tw-border-ionos-blue-700 focus-visible:tw-shadow-[#458FFF]\" style=\"color: #000000;\" tabindex=\"-1\" title=\"https:\/\/ec.europa.eu\/consumers\/odr\" href=\"https:\/\/ec.europa.eu\/consumers\/odr\" target=\"_blank\" rel=\"noopener noreferrer\" data-linkid=\"ct.txt.0.https-ec-europa-eu-consumers-odr\" data-onpagelink=\"0\">https:\/\/ec.europa.eu\/consumers\/odr<\/a>. Verbraucher haben die M\u00f6glichkeit, diese Plattform f\u00fcr die Beilegung ihrer Streitigkeiten zu nutzen.<\/span><\/p><\/div><\/div><\/div><div class=\"md:tw-max-w-4xl tw-my-24 mt-24\"><div><span style=\"color: #000000;\">Beilegung von Verbraucherstreitigkeiten:<\/span><\/div><div><div class=\"tw-ml-20 lg:tw-ml-0 tw-text-left\"><p class=\"!tw-py-[.5rem] first:!tw-pt-0 last:!tw-pb-0\"><span style=\"color: #000000;\">Zur Teilnahme an einem Streitbeilegungsverfahren vor einer Verbraucherschlichtungsstelle sind wir nicht verpflichtet und nicht bereit.<\/span><\/p><\/div><\/div><\/div><\/div><div class=\"tw-w-full tw-bg-cool-grey-100 tw-text-cool-grey-700\"><div id=\"dsa\" class=\"tw-container tw-py-64\"><div class=\"tw-w-full tw-text-left\"><div><strong><span style=\"color: #000000;\">Kontaktstellen<\/span><\/strong><\/div><\/div><div class=\"lg:tw-flex lg:tw-flex-wrap tw--my-8 tw-grid tw-grid-cols-1 md:tw-grid-cols-2\"><div class=\"tw-flex-1 tw-relative tw-flex tw-flex-col tw-p-32 tw-mx-4 tw-rounded-2xl md:tw-my-4 tw-my-12 tw-ml-0 tw-bg-white\"><div class=\"tw-flex tw-flex-col tw-h-full\"><div class=\"tw-flex-grow\"><div class=\"tw-flex tw-flex-col tw-justify-start tw-h-full tw-text-cool-grey-700\"><div class=\"tw-block lg:tw-text-2xl tw-font-overpass-semibold tw-text-2xl tw-text-left tw-font-semibold tw-leading-8 tw-mb-8 tw-text-cool-grey-700\"><div><span style=\"color: #000000;\">Kontaktstelle gem\u00e4\u00df VERORDNUNG (EU) 2021\/784 DES EUROP\u00c4ISCHEN PARLAMENTS UND DES RATES<\/span><\/div><\/div><div><div class=\"tw-sans-regular tw-font-normal tw-text-base tw-text-left tw-leading-6 tw-pb-32 tw-text-cool-grey-700\"><p class=\"!tw-py-[.5rem] first:!tw-pt-0 last:!tw-pb-0\"><span style=\"color: #000000;\">Kommunikationssprachen: Deutsch, Englisch<\/span><\/p><p class=\"!tw-py-[.5rem] first:!tw-pt-0 last:!tw-pb-0\"><span style=\"color: #000000;\">Diese E-Mail-Adresse ist ausschlie\u00dflich f\u00fcr die Kommunikation gem\u00e4\u00df Verordnung (EU) 2021\/784 bestimmt. Andere Anfragen werden nicht bearbeitet und beantwortet.<\/span><\/p><\/div><\/div><\/div><\/div><div><div class=\"tw-text-left tw-flex\"><span style=\"color: #000000;\">Email: info@xeoneurope.com<\/span><\/div><\/div><\/div><\/div><div class=\"tw-flex-1 tw-relative tw-flex tw-flex-col tw-border-solid tw-border-blue-700 tw-p-32 tw-mx-4 tw-rounded-2xl md:tw-my-4 tw-my-12 tw-bg-white\"><div class=\"tw-flex tw-flex-col tw-h-full\"><div class=\"tw-flex-grow\"><div class=\"tw-flex tw-flex-col tw-justify-start tw-h-full tw-text-cool-grey-700\"><div class=\"tw-block lg:tw-text-2xl tw-font-overpass-semibold tw-text-2xl tw-text-left tw-font-semibold tw-leading-8 tw-mb-8 tw-text-cool-grey-700\"><div><span style=\"color: #000000;\">Kontaktstelle f\u00fcr Beh\u00f6rden gem\u00e4\u00df Art. 11 der VERORDNUNG (EU) 2022\/2065 DES EUROP\u00c4ISCHEN PARLAMENTS UND DES RATES<\/span><\/div><\/div><div><div class=\"tw-sans-regular tw-font-normal tw-text-base tw-text-left tw-leading-6 tw-pb-32 tw-text-cool-grey-700\"><p class=\"!tw-py-[.5rem] first:!tw-pt-0 last:!tw-pb-0\"><span style=\"color: #000000;\">Kommunikationssprachen: Deutsch, Englisch<\/span><\/p><p class=\"!tw-py-[.5rem] first:!tw-pt-0 last:!tw-pb-0\"><span style=\"color: #000000;\">Diese E-Mail-Adresse ist ausschlie\u00dflich f\u00fcr Anfragen gem\u00e4\u00df Art. 11 DSA bestimmt. Andere Anfragen werden nicht bearbeitet und beantwortet.<\/span><\/p><\/div><\/div><\/div><\/div><\/div><\/div><div class=\"tw-flex-1 tw-relative tw-flex tw-flex-col tw-p-32 tw-mx-4 tw-rounded-2xl md:tw-my-4 tw-my-12 tw-ml-0 tw-bg-white\"><div class=\"tw-flex tw-flex-col tw-h-full\"><div class=\"tw-flex-grow\"><div class=\"tw-flex tw-flex-col tw-justify-start tw-h-full tw-text-cool-grey-700\"><div class=\"tw-block lg:tw-text-2xl tw-font-overpass-semibold tw-text-2xl tw-text-left tw-font-semibold tw-leading-8 tw-mb-8 tw-text-cool-grey-700\"><div><span style=\"color: #000000;\">Meldeverfahren gem\u00e4\u00df Art. 16 der VERORDNUNG (EU) 2022\/2065 DES EUROP\u00c4ISCHEN PARLAMENTS UND DES RATES<\/span><\/div><\/div><\/div><\/div><\/div><\/div><\/div><\/div><\/div><\/div><\/div>\t\t\t\t\t\t\t\t<\/div>\n\t\t\t\t<\/div>\n\t\t\t\t<\/div>\n\t\t<div class=\"elementor-element elementor-element-346bc13 e-con-full e-flex e-con e-child\" data-id=\"346bc13\" data-element_type=\"container\">\n\t\t\t\t<\/div>\n\t\t\t\t\t<\/div>\n\t\t\t\t<\/div>\n\t\t\t\t<section class=\"elementor-section elementor-top-section elementor-element elementor-element-000d641 elementor-section-boxed elementor-section-height-default elementor-section-height-default\" data-id=\"000d641\" data-element_type=\"section\">\n\t\t\t\t\t\t<div class=\"elementor-container elementor-column-gap-no\">\n\t\t\t\t\t<div class=\"elementor-column elementor-col-100 elementor-top-column elementor-element elementor-element-ce15eda\" data-id=\"ce15eda\" data-element_type=\"column\">\n\t\t\t<div class=\"elementor-widget-wrap\">\n\t\t\t\t\t\t\t<\/div>\n\t\t<\/div>\n\t\t\t\t\t<\/div>\n\t\t<\/section>\n\t\t<div class=\"elementor-element elementor-element-4ddf797 e-flex e-con-boxed e-con e-parent\" data-id=\"4ddf797\" data-element_type=\"container\">\n\t\t\t\t\t<div class=\"e-con-inner\">\n\t\t<div class=\"elementor-element elementor-element-a0f49b4 e-con-full e-flex e-con e-child\" data-id=\"a0f49b4\" data-element_type=\"container\">\n\t\t\t\t<div class=\"elementor-element elementor-element-820483a elementor-invisible elementor-widget elementor-widget-video\" data-id=\"820483a\" data-element_type=\"widget\" data-settings=\"{&quot;video_type&quot;:&quot;hosted&quot;,&quot;_animation&quot;:&quot;fadeInLeft&quot;,&quot;controls&quot;:&quot;yes&quot;}\" data-widget_type=\"video.default\">\n\t\t\t\t<div class=\"elementor-widget-container\">\n\t\t\t\t\t\t\t<div class=\"e-hosted-video elementor-wrapper elementor-open-inline\">\n\t\t\t\t\t<video class=\"elementor-video\" src=\"https:\/\/xeoneurope.com\/wp-content\/uploads\/2025\/03\/WhatsApp-Video-2025-02-01-at-11.27.32.mp4\" controls=\"\" preload=\"metadata\" controlsList=\"nodownload\"><\/video>\n\t\t\t\t<\/div>\n\t\t\t\t\t\t<\/div>\n\t\t\t\t<\/div>\n\t\t\t\t<\/div>\n\t\t<div class=\"elementor-element elementor-element-1490871 e-con-full e-flex e-con e-child\" data-id=\"1490871\" data-element_type=\"container\">\n\t\t\t\t<div class=\"elementor-element elementor-element-4d02e7b animated-slow elementor-invisible elementor-widget elementor-widget-video\" data-id=\"4d02e7b\" data-element_type=\"widget\" data-settings=\"{&quot;video_type&quot;:&quot;hosted&quot;,&quot;_animation&quot;:&quot;slideInLeft&quot;,&quot;controls&quot;:&quot;yes&quot;}\" data-widget_type=\"video.default\">\n\t\t\t\t<div class=\"elementor-widget-container\">\n\t\t\t\t\t\t\t<div class=\"e-hosted-video elementor-wrapper elementor-open-inline\">\n\t\t\t\t\t<video class=\"elementor-video\" src=\"https:\/\/xeoneurope.com\/wp-content\/uploads\/2025\/03\/FB_VID_6463141657687587558.mp4\" controls=\"\" preload=\"metadata\" controlsList=\"nodownload\"><\/video>\n\t\t\t\t<\/div>\n\t\t\t\t\t\t<\/div>\n\t\t\t\t<\/div>\n\t\t\t\t<\/div>\n\t\t<div class=\"elementor-element elementor-element-18f01c9 e-con-full e-flex e-con e-child\" data-id=\"18f01c9\" data-element_type=\"container\">\n\t\t\t\t<div class=\"elementor-element elementor-element-171c671 animated-slow elementor-invisible elementor-widget elementor-widget-video\" data-id=\"171c671\" data-element_type=\"widget\" data-settings=\"{&quot;video_type&quot;:&quot;hosted&quot;,&quot;_animation&quot;:&quot;fadeInRight&quot;,&quot;controls&quot;:&quot;yes&quot;}\" data-widget_type=\"video.default\">\n\t\t\t\t<div class=\"elementor-widget-container\">\n\t\t\t\t\t\t\t<div class=\"e-hosted-video elementor-wrapper elementor-open-inline\">\n\t\t\t\t\t<video class=\"elementor-video\" src=\"https:\/\/xeoneurope.com\/wp-content\/uploads\/2025\/03\/2025-03-02-044126930.mp4\" controls=\"\" preload=\"metadata\" controlsList=\"nodownload\"><\/video>\n\t\t\t\t<\/div>\n\t\t\t\t\t\t<\/div>\n\t\t\t\t<\/div>\n\t\t\t\t<\/div>\n\t\t<div class=\"elementor-element elementor-element-6d65b9b e-con-full e-flex e-con e-child\" data-id=\"6d65b9b\" data-element_type=\"container\">\n\t\t\t\t<div class=\"elementor-element elementor-element-6dffa59 animated-slow elementor-invisible elementor-widget elementor-widget-video\" data-id=\"6dffa59\" data-element_type=\"widget\" data-settings=\"{&quot;video_type&quot;:&quot;hosted&quot;,&quot;_animation&quot;:&quot;fadeInRight&quot;,&quot;controls&quot;:&quot;yes&quot;}\" data-widget_type=\"video.default\">\n\t\t\t\t<div class=\"elementor-widget-container\">\n\t\t\t\t\t\t\t<div class=\"e-hosted-video elementor-wrapper elementor-open-inline\">\n\t\t\t\t\t<video class=\"elementor-video\" src=\"https:\/\/xeoneurope.com\/wp-content\/uploads\/2025\/03\/WhatsApp-Video-2025-02-01-at-11.27.30.mp4\" controls=\"\" preload=\"metadata\" controlsList=\"nodownload\"><\/video>\n\t\t\t\t<\/div>\n\t\t\t\t\t\t<\/div>\n\t\t\t\t<\/div>\n\t\t\t\t<\/div>\n\t\t\t\t\t<\/div>\n\t\t\t\t<\/div>\n\t\t\t\t<\/div>\n\t\t","protected":false},"excerpt":{"rendered":"<p>Impressum \u00a0XeonEurope Deutschland &amp; RomaniaDeutschland Starenweg 91126 Schwabach XeonEurope &amp; XeonEurope SRL XeonEurope NiederlassungRomania SibiuT\u00fcrkei im Aufbau Gesch\u00e4ftsf\u00fchrungM.Sieger USt-IdNr. DE286295067Gl\u00e4ubiger ident Nr. DE31ZZZ00002726760 Sie erreichen die XeonEurope\u00a0 : Tel: +49 15159092548 E-Mail:info@xeoneurope.com Internet: xeoneurope.com xeoneurope.de Haftungshinweis: Trotz sorgf\u00e4ltiger inhaltlicher Kontrolle \u00fcbernehmen wir keine Haftung f\u00fcr die Inhalte externer Links. F\u00fcr den Inhalt der verlinkten Seiten [&hellip;]<\/p>\n","protected":false},"author":1,"featured_media":0,"parent":0,"menu_order":0,"comment_status":"closed","ping_status":"closed","template":"page-builder.php","meta":{"footnotes":""},"class_list":["post-545","page","type-page","status-publish","hentry"],"aioseo_notices":[],"_links":{"self":[{"href":"https:\/\/xeoneurope.com\/index.php\/wp-json\/wp\/v2\/pages\/545","targetHints":{"allow":["GET"]}}],"collection":[{"href":"https:\/\/xeoneurope.com\/index.php\/wp-json\/wp\/v2\/pages"}],"about":[{"href":"https:\/\/xeoneurope.com\/index.php\/wp-json\/wp\/v2\/types\/page"}],"author":[{"embeddable":true,"href":"https:\/\/xeoneurope.com\/index.php\/wp-json\/wp\/v2\/users\/1"}],"replies":[{"embeddable":true,"href":"https:\/\/xeoneurope.com\/index.php\/wp-json\/wp\/v2\/comments?post=545"}],"version-history":[{"count":7,"href":"https:\/\/xeoneurope.com\/index.php\/wp-json\/wp\/v2\/pages\/545\/revisions"}],"predecessor-version":[{"id":828,"href":"https:\/\/xeoneurope.com\/index.php\/wp-json\/wp\/v2\/pages\/545\/revisions\/828"}],"wp:attachment":[{"href":"https:\/\/xeoneurope.com\/index.php\/wp-json\/wp\/v2\/media?parent=545"}],"curies":[{"name":"wp","href":"https:\/\/api.w.org\/{rel}","templated":true}]}}