{"id":534,"date":"2025-03-06T21:08:31","date_gmt":"2025-03-06T21:08:31","guid":{"rendered":"https:\/\/neu.xeoneurope.com\/?page_id=534"},"modified":"2025-06-26T15:36:54","modified_gmt":"2025-06-26T15:36:54","slug":"impressum","status":"publish","type":"page","link":"https:\/\/xeoneurope.com\/index.php\/impressum\/","title":{"rendered":"Impressum"},"content":{"rendered":"<p>Impressum<\/p>\n<p>XeonEuropeDeutschland <br \/>Starenweg <br \/>91126 Schwabach<\/p>\n<p>XeonEurope &amp; XeonEurope Limited<\/p>\n<p>XeonEurope Niederlassung<br \/>Romania<br \/>T\u00fcrkei<br \/>\u00c4gypten<br \/>Ungarn<\/p>\n<p>Gesch\u00e4ftsf\u00fchrung<\/p>\n<p>M.Sieger<\/p>\n<p><strong>USt-IdNr. <\/strong> DE286295067<\/p>\n<p>Sie erreichen die XeonEurope\u00a0 : <br \/>Tel: +49 15159092548<\/p>\n<p>E-Mail:<\/p>\n<p><a style=\"color: #000000;\" href=\"mailto:info@xeoneurope.com\">info@xeoneurope.com<\/a><\/p>\n<p>Haftungshinweis:<\/p>\n<p>Trotz sorgf\u00e4ltiger inhaltlicher Kontrolle \u00fcbernehmen wir keine Haftung f\u00fcr die Inhalte externer Links. F\u00fcr den Inhalt der verlinkten Seiten sind ausschlie\u00dflich deren Betreiber verantwortlich. S\u00e4mtliche angebotenen Informationen d\u00fcrfen \u2013 auch auszugsweise \u2013 nur mit schriftlicher Genehmigung der Xeon Europe UG weiterverbreitet oder anderweitig ver\u00f6ffentlicht werden. Die Suchsysteme von Xeon Europe Limited d\u00fcrfen nur zu pers\u00f6nlichen Zwecken verwendet werden. Keinesfalls ist es gestattet, die abgerufenen Informationen online oder in anderen Medien weiterzuverbreiten oder kommerziell zu nutzen!<\/p>\n<p>Technische Gesamtrealisation:<\/p>\n<p>XeonEurope &amp; XeonEurope Limited<\/p>\n<p>Website &amp; eCommerce Platforms<\/p>\n<p>Verantwortlich f\u00fcr den Inhalt gem\u00e4\u00df \u00a7 18 Abs. 2 MStV:M.Sieger\u00a0Online-Streitbeilegung:<\/p>\n<p>Die Europ\u00e4ische Kommission stellt eine Plattform zur Online-Streitbeilegung (OS) bereit. Die Plattform finden Sie unter <a style=\"color: #000000;\" tabindex=\"-1\" title=\"https:\/\/ec.europa.eu\/consumers\/odr\" href=\"https:\/\/ec.europa.eu\/consumers\/odr\" target=\"_blank\" rel=\"noopener noreferrer\" data-linkid=\"ct.txt.0.https-ec-europa-eu-consumers-odr\" data-onpagelink=\"0\">https:\/\/ec.europa.eu\/consumers\/odr<\/a>. Verbraucher haben die M\u00f6glichkeit, diese Plattform f\u00fcr die Beilegung ihrer Streitigkeiten zu nutzen.<\/p>\n<p>Beilegung von Verbraucherstreitigkeiten:<\/p>\n<p>Zur Teilnahme an einem Streitbeilegungsverfahren vor einer Verbraucherschlichtungsstelle sind wir nicht verpflichtet und nicht bereit.<\/p>\n<p>KontaktstellenKontaktstelle gem\u00e4\u00df VERORDNUNG (EU) 2021\/784 DES EUROP\u00c4ISCHEN PARLAMENTS UND DES RATES<\/p>\n<p>Kommunikationssprachen: Deutsch, Englisch<\/p>\n<p>Diese E-Mail-Adresse ist ausschlie\u00dflich f\u00fcr die Kommunikation gem\u00e4\u00df Verordnung (EU) 2021\/784 bestimmt. Andere Anfragen werden nicht bearbeitet und beantwortet.<\/p>\n<p>\u00a0\u00a0Email: info@xeoneurope.comKontaktstelle f\u00fcr Beh\u00f6rden gem\u00e4\u00df Art. 11 der VERORDNUNG (EU) 2022\/2065 DES EUROP\u00c4ISCHEN PARLAMENTS UND DES RATES<\/p>\n<p>Kommunikationssprachen: Deutsch, Englisch<\/p>\n<p>Diese E-Mail-Adresse ist ausschlie\u00dflich f\u00fcr Anfragen gem\u00e4\u00df Art. 11 DSA bestimmt. Andere Anfragen werden nicht bearbeitet und beantwortet.<\/p>\n<p>Meldeverfahren gem\u00e4\u00df Art. 16 der VERORDNUNG (EU) 2022\/2065 DES EUROP\u00c4ISCHEN PARLAMENTS UND DES RATES<\/p>\n<p>\u00a0<\/p>\n<p>https:\/\/neu.xeoneurope.com\/wp-content\/uploads\/2025\/03\/WhatsApp-Video-2025-02-01-at-11.27.32.mp4https:\/\/neu.xeoneurope.com\/wp-content\/uploads\/2025\/03\/FB_VID_6463141657687587558.mp4https:\/\/neu.xeoneurope.com\/wp-content\/uploads\/2025\/03\/2025-03-02-044126930.mp4https:\/\/neu.xeoneurope.com\/wp-content\/uploads\/2025\/03\/WhatsApp-Video-2025-02-01-at-11.27.30.mp4<br \/>\n\t\t\tKontakt\t<\/p>\n<h2>Unser Team steht Ihnen jederzeit mit kompetentem Support zur Seite. <\/h2>\n<h3>Mobil<\/h3>\n<p>\n\t\t\t\t\t+49 15159092548 <br \/> +49 15679524569\t\t\t\t<\/p>\n<h3>Whats APP<\/h3>\n<p>\n\t\t\t\t\t+49 15159092548\t\t\t\t<\/p>\n<h3>Email Support<\/h3>\n<p>\n\t\t\t\t\tSupport@xeoneurope.com\t\t\t\t<\/p>\n<p role=\"status\" aria-live=\"polite\" aria-atomic=\"true\">\n<ul><\/ul>\n<form action=\"\/wp-admin\/admin-ajax.php#wpcf7-f175-o1\" method=\"post\" aria-label=\"Contact form\" novalidate=\"novalidate\" data-status=\"init\">\n<input type=\"hidden\" name=\"_wpcf7\" value=\"175\" \/><br \/>\n<input type=\"hidden\" name=\"_wpcf7_version\" value=\"6.0.4\" \/><br \/>\n<input type=\"hidden\" name=\"_wpcf7_locale\" value=\"en_US\" \/><br \/>\n<input type=\"hidden\" name=\"_wpcf7_unit_tag\" value=\"wpcf7-f175-o1\" \/><br \/>\n<input type=\"hidden\" name=\"_wpcf7_container_post\" value=\"0\" \/><br \/>\n<input type=\"hidden\" name=\"_wpcf7_posted_data_hash\" value=\"\" \/><\/p>\n<p><input size=\"40\" maxlength=\"400\" aria-required=\"true\" aria-invalid=\"false\" placeholder=\"Name\" value=\"\" type=\"text\" name=\"text-594\" \/>\n\t\t<\/p>\n<p><input size=\"40\" maxlength=\"400\" aria-required=\"true\" aria-invalid=\"false\" placeholder=\"Email\" value=\"\" type=\"email\" name=\"email-194\" \/>\n\t\t<\/p>\n<p><input size=\"40\" maxlength=\"400\" aria-required=\"true\" aria-invalid=\"false\" placeholder=\"Subject\" value=\"\" type=\"text\" name=\"text-599\" \/>\n\t\t<\/p>\n<p><textarea cols=\"40\" rows=\"10\" maxlength=\"2000\" aria-required=\"true\" aria-invalid=\"false\" placeholder=\"Your Message\" name=\"textarea-112\"><\/textarea>\n\t\t<\/p>\n<p><input type=\"submit\" value=\"Send Message\" \/>\n\t\t<\/p>\n<\/form>\n","protected":false},"excerpt":{"rendered":"<p>Impressum XeonEuropeDeutschland Starenweg 91126 Schwabach XeonEurope &amp; XeonEurope Limited XeonEurope NiederlassungRomaniaT\u00fcrkei\u00c4gyptenUngarn Gesch\u00e4ftsf\u00fchrung M.Sieger USt-IdNr. DE286295067 Sie erreichen die XeonEurope\u00a0 : Tel: +49 15159092548 E-Mail: info@xeoneurope.com Haftungshinweis: Trotz sorgf\u00e4ltiger inhaltlicher Kontrolle \u00fcbernehmen wir keine Haftung f\u00fcr die Inhalte externer Links. F\u00fcr den Inhalt der verlinkten Seiten sind ausschlie\u00dflich deren Betreiber verantwortlich. S\u00e4mtliche angebotenen Informationen d\u00fcrfen \u2013 [&hellip;]<\/p>\n","protected":false},"author":1,"featured_media":0,"parent":0,"menu_order":0,"comment_status":"closed","ping_status":"closed","template":"page-builder.php","meta":{"footnotes":""},"class_list":["post-534","page","type-page","status-publish","hentry"],"aioseo_notices":[],"_links":{"self":[{"href":"https:\/\/xeoneurope.com\/index.php\/wp-json\/wp\/v2\/pages\/534","targetHints":{"allow":["GET"]}}],"collection":[{"href":"https:\/\/xeoneurope.com\/index.php\/wp-json\/wp\/v2\/pages"}],"about":[{"href":"https:\/\/xeoneurope.com\/index.php\/wp-json\/wp\/v2\/types\/page"}],"author":[{"embeddable":true,"href":"https:\/\/xeoneurope.com\/index.php\/wp-json\/wp\/v2\/users\/1"}],"replies":[{"embeddable":true,"href":"https:\/\/xeoneurope.com\/index.php\/wp-json\/wp\/v2\/comments?post=534"}],"version-history":[{"count":4,"href":"https:\/\/xeoneurope.com\/index.php\/wp-json\/wp\/v2\/pages\/534\/revisions"}],"predecessor-version":[{"id":538,"href":"https:\/\/xeoneurope.com\/index.php\/wp-json\/wp\/v2\/pages\/534\/revisions\/538"}],"wp:attachment":[{"href":"https:\/\/xeoneurope.com\/index.php\/wp-json\/wp\/v2\/media?parent=534"}],"curies":[{"name":"wp","href":"https:\/\/api.w.org\/{rel}","templated":true}]}}